{"id":1100,"date":"2025-12-29T12:59:44","date_gmt":"2025-12-29T17:59:44","guid":{"rendered":"https:\/\/jejboulet.xyz\/?page_id=1100"},"modified":"2025-12-29T13:01:33","modified_gmt":"2025-12-29T18:01:33","slug":"a-propos-2020","status":"publish","type":"page","link":"https:\/\/jejboulet.xyz\/fr\/a-propos-2020\/","title":{"rendered":"\u00c0 propos (2020)"},"content":{"rendered":"\n<p><a href=\"#brief-bio\">Biographie br\u00e8ve<\/a><br><a href=\"#about-my-mission\">\u00c0 propos de ma mission<\/a><br><a href=\"#about-this-website\">\u00c0 propos de ce site<\/a><\/p>\n\n\n\n<div class=\"wp-block-image is-style-rounded profile-image\"><figure class=\"alignright size-medium is-resized\"><img loading=\"lazy\" src=\"https:\/\/i0.wp.com\/jejboulet.xyz\/wp-content\/uploads\/2020\/09\/Jacques-Portrait-2-March-2020.jpg?resize=225%2C225&#038;ssl=1\" alt=\"\" class=\"wp-image-265\" width=\"225\" height=\"225\" srcset=\"https:\/\/i0.wp.com\/jejboulet.xyz\/wp-content\/uploads\/2020\/09\/Jacques-Portrait-2-March-2020-scaled.jpg?resize=300%2C300&amp;ssl=1 300w, https:\/\/i0.wp.com\/jejboulet.xyz\/wp-content\/uploads\/2020\/09\/Jacques-Portrait-2-March-2020-scaled.jpg?resize=1024%2C1024&amp;ssl=1 1024w, https:\/\/i0.wp.com\/jejboulet.xyz\/wp-content\/uploads\/2020\/09\/Jacques-Portrait-2-March-2020-scaled.jpg?resize=150%2C150&amp;ssl=1 150w, https:\/\/i0.wp.com\/jejboulet.xyz\/wp-content\/uploads\/2020\/09\/Jacques-Portrait-2-March-2020-scaled.jpg?resize=768%2C768&amp;ssl=1 768w, https:\/\/i0.wp.com\/jejboulet.xyz\/wp-content\/uploads\/2020\/09\/Jacques-Portrait-2-March-2020-scaled.jpg?resize=1536%2C1536&amp;ssl=1 1536w, https:\/\/i0.wp.com\/jejboulet.xyz\/wp-content\/uploads\/2020\/09\/Jacques-Portrait-2-March-2020-scaled.jpg?resize=2048%2C2048&amp;ssl=1 2048w, https:\/\/i0.wp.com\/jejboulet.xyz\/wp-content\/uploads\/2020\/09\/Jacques-Portrait-2-March-2020-scaled.jpg?w=1590&amp;ssl=1 1590w\" sizes=\"(max-width: 225px) 100vw, 225px\" data-recalc-dims=\"1\" \/><\/figure><\/div>\n\n\n\n<p><b>PhD en bible h\u00e9breu et s\u00e9mitique nord-ouest<\/b><br>Universit\u00e9 de Toronto, 2019<\/p>\n\n\n\n<p><b>MA en \u00e9tudes th\u00e9ologiques<\/b> (double concentration)<br>Langues bibliques et ancien testament<br>Regent College, 2014<span style=\"font-size: 15px;\"> <\/span><\/p>\n\n\n\n<p><b>BSc en ing\u00e9nierie physique<\/b><br>Universit\u00e9 de l&rsquo;Alberta, 2009<\/p>\n\n\n\n<h3 id=\"brief-bio\">Biographie br\u00e8ve<\/h3>\n\n\n\n<p>Mon nom est Jacques. J&rsquo;ai grandi sur une ferme dans le nord de l&rsquo;Alberta dans une communaut\u00e9 francophone. Gr\u00e2ce \u00e0 mes parents, je suis trilingue en anglais, fran\u00e7ais, et espagnole. Je suis mari\u00e9 avec ma femme Paige, et ensemble nous avons trois enfants.<\/p>\n\n\n\n<p>C&rsquo;\u00e9tait pendant que j&rsquo;\u00e9tudiais l&rsquo;ing\u00e9nierie que des amis m&rsquo;ont invit\u00e9 pour la premi\u00e8re fois \u00e0 participer dans une \u00e9tude de la Bible. J&rsquo;ai tant aim\u00e9 \u00e7a que j&rsquo;ai commenc\u00e9 une longue route d&rsquo;\u00e9tude biblique formel, qui m&rsquo;a men\u00e9, \u00e9ventuellement, aux \u00e9tudes doctorales de l&rsquo;ancien testament. Ma sp\u00e9cialisation est l&rsquo;\u00e9tude des langues bibliques, c&rsquo;est \u00e0 dire, l&rsquo;h\u00e9breu, l&rsquo;aram\u00e9en, et le grec.<\/p>\n\n\n\n<p>Au cours de ma vie j&rsquo;ai aussi d\u00e9velopper des autres int\u00e9r\u00eats. Quelques uns de mes loisirs incluent \u00e9crire de la po\u00e9sie, jouer et inventer les jeux de soci\u00e9t\u00e9, et \u00e9crire des histoires choisissez-votre-propre-aventure qui se jouent dans le navigateur.<\/p>\n\n\n\n<h3 id=\"about-my-mission\">\u00c0 propos de ma mission<\/h3>\n\n\n\n<p>D\u00e8s le d\u00e9but de mes \u00e9tudes th\u00e9ologiques, j&rsquo;\u00e9tais convaincu que je suis appel\u00e9 \u00e0 partager mon \u00e9ducation pour le bien de l&rsquo;\u00c9glise universelle de J\u00e9sus-Christ. Je m&rsquo;int\u00e9resse en particulier \u00e0 des sc\u00e9narios o\u00f9 le besoin est plus prononc\u00e9. Je peux donner quelques exemples. Pourquoi est-ce que j&rsquo;ai choisi de me sp\u00e9cialiser dans l&rsquo;ancien testament au lieu que dans le nouveau? C&rsquo;\u00e9tait parce que j&rsquo;ai ressenti un plus grand besoin dans l&rsquo;\u00c9glise dans le domaine de l&rsquo;ancien testament. Les chr\u00e9tiens ordinaires ont plus de difficult\u00e9 avec l&rsquo;ancien testament, il y a moins d&rsquo;experts dans l&rsquo;ancien testament, et les ressources pour l&rsquo;h\u00e9breu et l&rsquo;ancien testament sont souvent moins nombreux ou de moins haute qualit\u00e9 que les \u00e9quivalents pour le nouveau testament.<\/p>\n\n\n\n<p>Voici un autre exemple. J&rsquo;ai pris ma femme et mes trois jeunes enfants avec moi en Inde pour un an. Pourquoi? Il y a des centaines de millions de personnes en Inde qui ne connaissent pas J\u00e9sus, et pourtant il est difficile de trouver des experts qualifi\u00e9s \u00e0 enseigner les cours de s\u00e9minaire, surtout en ancien testament. Nous aurions peut-\u00eatre rest\u00e9 en Inde si nous n&rsquo;avions pas ressenti que Dieu nous appelait ailleurs.<\/p>\n\n\n\n<p>Nous nous sommes \u00e9tablis \u00e0 Montr\u00e9al, dans la province canadienne du Qu\u00e9bec. Le Qu\u00e9bec \u00e0 d\u00e9j\u00e0 pass\u00e9 une histoire particuli\u00e8re par rapport \u00e0 la foi et le christianisme. Aujourd&rsquo;hui, il est une des places les moins \u00e9vang\u00e9lis\u00e9 dans les am\u00e9riques. J&rsquo;entends un peu partout qu&rsquo;il existe un grand besoin d&rsquo;enseignants, de pasteurs, et de ressources chr\u00e9tiennes de toutes sortes.<\/p>\n\n\n\n<p>Avec ma famille, j&rsquo;esp\u00e8re de m&rsquo;\u00e9tablir ici au Qu\u00e9bec \u00e0 long terme et offrir mes dons et mon \u00e9ducation pour la cause de Christ parmi les franco-canadiens. J&rsquo;esp\u00e8re pouvoir faire cela surtout en enseignant et pr\u00eachant, mais aussi en \u00e9crivant et en formant des disciples.<\/p>\n\n\n\n<h3 id=\"about-this-website\">\u00c0 propos de ce site<\/h3>\n\n\n\n<p>Ce site web sert \u00e0 plusieures choses. D&rsquo;abord, je l&rsquo;utilise pour y mettre mon <a href=\"https:\/\/jejboulet.xyz\/fr\/cv\/\" data-type=\"page\" data-id=\"12\">CV<\/a>.<\/p>\n\n\n\n<p>Deuxi\u00e8mement, je l&rsquo;utilise pour r\u00e9unir plusieures ressources que j&rsquo;esp\u00e8re produire au cours des ann\u00e9es, incluant des pri\u00e8res, des sermons, et des critiques. L&rsquo;accent particulier de ce site est \u2013 tant que possible \u2013 que le contenu sera offert et en fran\u00e7ais et en anglais.<\/p>\n\n\n\n<p>Troisi\u00e8mement, j&rsquo;esp\u00e8re pouvoir g\u00e9n\u00e9rer un revenu \u00e0 travers ce site, au moins assez pour payer les frais correspondant au site m\u00eame. Tout revenu que je puisse g\u00e9n\u00e9rer \u00e0 travers ce site me lib\u00e9rera \u00e0 mieux servir l&rsquo;\u00e9glise francophone.<\/p>\n\n\n\n<p>La r\u00e9alit\u00e9 est que l&rsquo;\u00e9glise au Qu\u00e9bec est de petite taille, et les ressources sont limit\u00e9es. Souvent les opportunit\u00e9s pour le minist\u00e8re n\u00e9cessitent qu&rsquo;on cherche notre soutien financier \u00e0 travers notre propre r\u00e9seau.<\/p>\n\n\n\n<p>Merci de votre visite.<\/p>\n","protected":false},"excerpt":{"rendered":"<p>Biographie br\u00e8ve\u00c0 propos de ma mission\u00c0 propos de ce site PhD en bible h\u00e9breu et s\u00e9mitique nord-ouestUniversit\u00e9 de Toronto, 2019 MA en \u00e9tudes th\u00e9ologiques (double concentration)Langues bibliques et ancien testamentRegent College, 2014 BSc en ing\u00e9nierie physiqueUniversit\u00e9 de l&rsquo;Alberta, 2009 Biographie br\u00e8ve Mon nom est Jacques. J&rsquo;ai grandi sur une ferme dans le nord de l&rsquo;Alberta dans une communaut\u00e9 francophone. Gr\u00e2ce \u00e0 mes parents, je suis trilingue en anglais, fran\u00e7ais, et espagnole. Je suis mari\u00e9 avec ma femme Paige, et ensemble nous avons trois enfants. C&rsquo;\u00e9tait pendant que j&rsquo;\u00e9tudiais l&rsquo;ing\u00e9nierie que des amis m&rsquo;ont invit\u00e9 pour la premi\u00e8re fois \u00e0 participer <a class=\"more-link\" href=\"https:\/\/jejboulet.xyz\/fr\/a-propos-2020\/\">Continuer la lecture <span class=\"screen-reader-text\">  \u00c0 propos (2020)<\/span><span class=\"meta-nav\">&rarr;<\/span><\/a><\/p>\n","protected":false},"author":1,"featured_media":0,"parent":0,"menu_order":0,"comment_status":"closed","ping_status":"closed","template":"","meta":[],"jetpack_sharing_enabled":true,"jetpack-related-posts":[{"id":174,"url":"https:\/\/jejboulet.xyz\/fr\/a-propos\/","url_meta":{"origin":1100,"position":0},"title":"\u00c0 propos","date":"septembre 17, 2020","format":false,"excerpt":"PhD en bible h\u00e9breu et s\u00e9mitique nord-ouestUniversit\u00e9 de Toronto, 2019 MA en \u00e9tudes th\u00e9ologiques(double concentration)Langues bibliques et ancien testamentRegent College, 2014 BSc en ing\u00e9nierie physiqueUniversit\u00e9 de l'Alberta, 2009 Biographie br\u00e8ve Mon nom est Jacques. J'ai grandi sur une ferme dans le nord de l'Alberta dans une communaut\u00e9 francophone. Gr\u00e2ce \u00e0\u2026","rel":"","context":"Article similaire","img":{"alt_text":"","src":"https:\/\/i0.wp.com\/jejboulet.xyz\/wp-content\/uploads\/2025\/12\/Jacques-Portrait-square-Sept-2022-scaled.jpg?resize=350%2C200&ssl=1","width":350,"height":200},"classes":[]}],"_links":{"self":[{"href":"https:\/\/jejboulet.xyz\/fr\/wp-json\/wp\/v2\/pages\/1100"}],"collection":[{"href":"https:\/\/jejboulet.xyz\/fr\/wp-json\/wp\/v2\/pages"}],"about":[{"href":"https:\/\/jejboulet.xyz\/fr\/wp-json\/wp\/v2\/types\/page"}],"author":[{"embeddable":true,"href":"https:\/\/jejboulet.xyz\/fr\/wp-json\/wp\/v2\/users\/1"}],"replies":[{"embeddable":true,"href":"https:\/\/jejboulet.xyz\/fr\/wp-json\/wp\/v2\/comments?post=1100"}],"version-history":[{"count":2,"href":"https:\/\/jejboulet.xyz\/fr\/wp-json\/wp\/v2\/pages\/1100\/revisions"}],"predecessor-version":[{"id":1104,"href":"https:\/\/jejboulet.xyz\/fr\/wp-json\/wp\/v2\/pages\/1100\/revisions\/1104"}],"wp:attachment":[{"href":"https:\/\/jejboulet.xyz\/fr\/wp-json\/wp\/v2\/media?parent=1100"}],"curies":[{"name":"wp","href":"https:\/\/api.w.org\/{rel}","templated":true}]}}