{"id":171,"date":"2020-09-17T14:42:30","date_gmt":"2020-09-17T18:42:30","guid":{"rendered":"http:\/\/jejboulet.xyz\/?page_id=171"},"modified":"2025-08-30T12:02:59","modified_gmt":"2025-08-30T16:02:59","slug":"accueil","status":"publish","type":"page","link":"https:\/\/jejboulet.xyz\/fr\/","title":{"rendered":"Accueil"},"content":{"rendered":"\n<h2>Carnet de lecture biblique<\/h2>\n\n\n\n<figure class=\"wp-block-image size-large\"><a href=\"https:\/\/www.lulu.com\/shop\/jacques-boulet\/carnet-de-lecture-biblique\/hardcover\/product-krmkv2.html?q=&amp;page=1&amp;pageSize=4\" target=\"_blank\" rel=\"noopener\"><img loading=\"lazy\" width=\"530\" height=\"325\" src=\"https:\/\/i0.wp.com\/jejboulet.xyz\/wp-content\/uploads\/2022\/06\/IMG_0200_DxOPsp.jpg?resize=530%2C325&#038;ssl=1\" alt=\"\" class=\"wp-image-800\" srcset=\"https:\/\/i0.wp.com\/jejboulet.xyz\/wp-content\/uploads\/2022\/06\/IMG_0200_DxOPsp-scaled.jpg?resize=1024%2C628&amp;ssl=1 1024w, https:\/\/i0.wp.com\/jejboulet.xyz\/wp-content\/uploads\/2022\/06\/IMG_0200_DxOPsp-scaled.jpg?resize=300%2C184&amp;ssl=1 300w, https:\/\/i0.wp.com\/jejboulet.xyz\/wp-content\/uploads\/2022\/06\/IMG_0200_DxOPsp-scaled.jpg?resize=768%2C471&amp;ssl=1 768w, https:\/\/i0.wp.com\/jejboulet.xyz\/wp-content\/uploads\/2022\/06\/IMG_0200_DxOPsp-scaled.jpg?resize=1536%2C941&amp;ssl=1 1536w, https:\/\/i0.wp.com\/jejboulet.xyz\/wp-content\/uploads\/2022\/06\/IMG_0200_DxOPsp-scaled.jpg?resize=2048%2C1255&amp;ssl=1 2048w, https:\/\/i0.wp.com\/jejboulet.xyz\/wp-content\/uploads\/2022\/06\/IMG_0200_DxOPsp-scaled.jpg?w=1590&amp;ssl=1 1590w\" sizes=\"(max-width: 530px) 100vw, 530px\" data-recalc-dims=\"1\" \/><\/a><\/figure>\n\n\n\n<p><\/p>\n\n\n\n<p>Mon <em>Carnet de lecture biblique<\/em> est maintenant disponible en fran\u00e7ais et en <a href=\"https:\/\/jejboulet.xyz\/fr\/\" data-type=\"URL\" data-id=\"jejboulet.xyz\">anglais<\/a>.<\/p>\n\n\n\n<p>Pour plus d&rsquo;information, y compris comment l&rsquo;acheter, visitez<a rel=\"noreferrer noopener\" href=\"https:\/\/www.lulu.com\/shop\/jacques-boulet\/carnet-de-lecture-biblique\/hardcover\/product-krmkv2.html?q=\" data-type=\"URL\" data-id=\"https:\/\/www.lulu.com\/shop\/jacques-boulet\/carnet-de-lecture-biblique\/hardcover\/product-krmkv2.html?q=\" target=\"_blank\"> <\/a><a rel=\"noreferrer noopener\" href=\"https:\/\/boulet.pub\/fr\/product\/carnet-lecture-biblique\/\" data-type=\"URL\" data-id=\"https:\/\/boulet.pub\/fr\/product\/carnet-lecture-biblique\/\" target=\"_blank\">boulet.pub<\/a>.<\/p>\n\n\n\n<div class=\"wp-container-1 wp-block-buttons\">\n<div class=\"wp-block-button has-custom-width wp-block-button__width-50 is-style-outline buy-button\"><a class=\"wp-block-button__link has-white-color has-blue-background-color has-text-color has-background\" href=\"https:\/\/boulet.pub\/fr\/product\/carnet-lecture-biblique\/\" target=\"_blank\" rel=\"noreferrer noopener\"><strong>Plus d&rsquo;info<\/strong><\/a><\/div>\n<\/div>\n\n\n\n<hr class=\"wp-block-separator\"\/>\n\n\n\n<h2>R\u00e9sumez chaque chapitre sur une ligne<\/h2>\n\n\n\n<figure class=\"wp-block-image size-large\"><img loading=\"lazy\" width=\"530\" height=\"392\" src=\"https:\/\/i0.wp.com\/jejboulet.xyz\/wp-content\/uploads\/2022\/11\/IMG_0205.jpg?resize=530%2C392&#038;ssl=1\" alt=\"\" class=\"wp-image-850\" srcset=\"https:\/\/i0.wp.com\/jejboulet.xyz\/wp-content\/uploads\/2022\/11\/IMG_0205-scaled.jpg?resize=1024%2C757&amp;ssl=1 1024w, https:\/\/i0.wp.com\/jejboulet.xyz\/wp-content\/uploads\/2022\/11\/IMG_0205-scaled.jpg?resize=300%2C222&amp;ssl=1 300w, https:\/\/i0.wp.com\/jejboulet.xyz\/wp-content\/uploads\/2022\/11\/IMG_0205-scaled.jpg?resize=768%2C568&amp;ssl=1 768w, https:\/\/i0.wp.com\/jejboulet.xyz\/wp-content\/uploads\/2022\/11\/IMG_0205-scaled.jpg?resize=1536%2C1135&amp;ssl=1 1536w, https:\/\/i0.wp.com\/jejboulet.xyz\/wp-content\/uploads\/2022\/11\/IMG_0205-scaled.jpg?resize=2048%2C1514&amp;ssl=1 2048w, https:\/\/i0.wp.com\/jejboulet.xyz\/wp-content\/uploads\/2022\/11\/IMG_0205-scaled.jpg?w=1590&amp;ssl=1 1590w\" sizes=\"(max-width: 530px) 100vw, 530px\" data-recalc-dims=\"1\" \/><\/figure>\n\n\n\n<hr class=\"wp-block-separator\"\/>\n\n\n\n<h2>Suivez un plan d&rsquo;un an ou de deux ans<\/h2>\n\n\n\n<figure class=\"wp-block-image size-large\"><img loading=\"lazy\" width=\"530\" height=\"388\" src=\"https:\/\/i0.wp.com\/jejboulet.xyz\/wp-content\/uploads\/2022\/11\/IMG_0207.jpg?resize=530%2C388&#038;ssl=1\" alt=\"\" class=\"wp-image-852\" srcset=\"https:\/\/i0.wp.com\/jejboulet.xyz\/wp-content\/uploads\/2022\/11\/IMG_0207-scaled.jpg?resize=1024%2C749&amp;ssl=1 1024w, https:\/\/i0.wp.com\/jejboulet.xyz\/wp-content\/uploads\/2022\/11\/IMG_0207-scaled.jpg?resize=300%2C219&amp;ssl=1 300w, https:\/\/i0.wp.com\/jejboulet.xyz\/wp-content\/uploads\/2022\/11\/IMG_0207-scaled.jpg?resize=768%2C562&amp;ssl=1 768w, https:\/\/i0.wp.com\/jejboulet.xyz\/wp-content\/uploads\/2022\/11\/IMG_0207-scaled.jpg?resize=1536%2C1124&amp;ssl=1 1536w, https:\/\/i0.wp.com\/jejboulet.xyz\/wp-content\/uploads\/2022\/11\/IMG_0207-scaled.jpg?resize=2048%2C1498&amp;ssl=1 2048w, https:\/\/i0.wp.com\/jejboulet.xyz\/wp-content\/uploads\/2022\/11\/IMG_0207-scaled.jpg?w=1590&amp;ssl=1 1590w\" sizes=\"(max-width: 530px) 100vw, 530px\" data-recalc-dims=\"1\" \/><\/figure>\n","protected":false},"excerpt":{"rendered":"<p>Carnet de lecture biblique Mon Carnet de lecture biblique est maintenant disponible en fran\u00e7ais et en anglais. Pour plus d&rsquo;information, y compris comment l&rsquo;acheter, visitez boulet.pub. R\u00e9sumez chaque chapitre sur une ligne Suivez un plan d&rsquo;un an ou de deux ans<\/p>\n","protected":false},"author":1,"featured_media":0,"parent":0,"menu_order":0,"comment_status":"closed","ping_status":"closed","template":"","meta":[],"jetpack_sharing_enabled":true,"jetpack-related-posts":[{"id":174,"url":"https:\/\/jejboulet.xyz\/fr\/a-propos\/","url_meta":{"origin":171,"position":0},"title":"\u00c0 propos","date":"septembre 17, 2020","format":false,"excerpt":"PhD en bible h\u00e9breu et s\u00e9mitique nord-ouestUniversit\u00e9 de Toronto, 2019 MA en \u00e9tudes th\u00e9ologiques(double concentration)Langues bibliques et ancien testamentRegent College, 2014 BSc en ing\u00e9nierie physiqueUniversit\u00e9 de l'Alberta, 2009 Biographie br\u00e8ve Mon nom est Jacques. J'ai grandi sur une ferme dans le nord de l'Alberta dans une communaut\u00e9 francophone. Gr\u00e2ce \u00e0\u2026","rel":"","context":"Article similaire","img":{"alt_text":"","src":"https:\/\/i0.wp.com\/jejboulet.xyz\/wp-content\/uploads\/2025\/12\/Jacques-Portrait-square-Sept-2022-scaled.jpg?resize=350%2C200&ssl=1","width":350,"height":200},"classes":[]},{"id":179,"url":"https:\/\/jejboulet.xyz\/fr\/contact\/","url_meta":{"origin":171,"position":1},"title":"Contact","date":"septembre 18, 2020","format":false,"excerpt":"Vous \u00eates bienvenues \u00e0 m'envoyer un message en remplissant le formulaire ci-dessous:","rel":"","context":"Article similaire","img":{"alt_text":"","src":"","width":0,"height":0},"classes":[]},{"id":14,"url":"https:\/\/jejboulet.xyz\/about\/","url_meta":{"origin":171,"position":2},"title":"About","date":"septembre 17, 2020","format":false,"excerpt":"PhD in Hebrew Bible and Northwest SemiticsUniversity of Toronto, 2019 MA in Theological Studies(double concentration)Biblical Languages and Old TestamentRegent College, 2014 BSc in Engineering PhysicsUniversity of Alberta, 2009 Brief Bio My name is Jacques. I grew up on a farm in northern Alberta in a francophone community. Thanks to my\u2026","rel":"","context":"Article similaire","img":{"alt_text":"","src":"https:\/\/i0.wp.com\/jejboulet.xyz\/wp-content\/uploads\/2025\/12\/Jacques-Portrait-square-Sept-2022-scaled.jpg?resize=350%2C200&ssl=1","width":350,"height":200},"classes":[]}],"_links":{"self":[{"href":"https:\/\/jejboulet.xyz\/fr\/wp-json\/wp\/v2\/pages\/171"}],"collection":[{"href":"https:\/\/jejboulet.xyz\/fr\/wp-json\/wp\/v2\/pages"}],"about":[{"href":"https:\/\/jejboulet.xyz\/fr\/wp-json\/wp\/v2\/types\/page"}],"author":[{"embeddable":true,"href":"https:\/\/jejboulet.xyz\/fr\/wp-json\/wp\/v2\/users\/1"}],"replies":[{"embeddable":true,"href":"https:\/\/jejboulet.xyz\/fr\/wp-json\/wp\/v2\/comments?post=171"}],"version-history":[{"count":15,"href":"https:\/\/jejboulet.xyz\/fr\/wp-json\/wp\/v2\/pages\/171\/revisions"}],"predecessor-version":[{"id":1074,"href":"https:\/\/jejboulet.xyz\/fr\/wp-json\/wp\/v2\/pages\/171\/revisions\/1074"}],"wp:attachment":[{"href":"https:\/\/jejboulet.xyz\/fr\/wp-json\/wp\/v2\/media?parent=171"}],"curies":[{"name":"wp","href":"https:\/\/api.w.org\/{rel}","templated":true}]}}