{"id":174,"date":"2020-09-17T14:45:28","date_gmt":"2020-09-17T18:45:28","guid":{"rendered":"http:\/\/jejboulet.xyz\/?page_id=174"},"modified":"2025-12-29T13:16:49","modified_gmt":"2025-12-29T18:16:49","slug":"a-propos","status":"publish","type":"page","link":"https:\/\/jejboulet.xyz\/fr\/a-propos\/","title":{"rendered":"\u00c0 propos"},"content":{"rendered":"\n<p><\/p>\n\n\n\n<div class=\"wp-block-image is-style-rounded profile-image\"><figure class=\"alignright size-medium is-resized\"><img loading=\"lazy\" src=\"https:\/\/i0.wp.com\/jejboulet.xyz\/wp-content\/uploads\/2025\/12\/Jacques-Portrait-square-Sept-2022.jpg?resize=225%2C225&#038;ssl=1\" alt=\"\" class=\"wp-image-1106\" width=\"225\" height=\"225\" srcset=\"https:\/\/i0.wp.com\/jejboulet.xyz\/wp-content\/uploads\/2025\/12\/Jacques-Portrait-square-Sept-2022-scaled.jpg?resize=300%2C300&amp;ssl=1 300w, https:\/\/i0.wp.com\/jejboulet.xyz\/wp-content\/uploads\/2025\/12\/Jacques-Portrait-square-Sept-2022-scaled.jpg?resize=1024%2C1024&amp;ssl=1 1024w, https:\/\/i0.wp.com\/jejboulet.xyz\/wp-content\/uploads\/2025\/12\/Jacques-Portrait-square-Sept-2022-scaled.jpg?resize=150%2C150&amp;ssl=1 150w, https:\/\/i0.wp.com\/jejboulet.xyz\/wp-content\/uploads\/2025\/12\/Jacques-Portrait-square-Sept-2022-scaled.jpg?resize=768%2C768&amp;ssl=1 768w, https:\/\/i0.wp.com\/jejboulet.xyz\/wp-content\/uploads\/2025\/12\/Jacques-Portrait-square-Sept-2022-scaled.jpg?resize=1536%2C1536&amp;ssl=1 1536w, https:\/\/i0.wp.com\/jejboulet.xyz\/wp-content\/uploads\/2025\/12\/Jacques-Portrait-square-Sept-2022-scaled.jpg?resize=2048%2C2048&amp;ssl=1 2048w, https:\/\/i0.wp.com\/jejboulet.xyz\/wp-content\/uploads\/2025\/12\/Jacques-Portrait-square-Sept-2022-scaled.jpg?w=1590&amp;ssl=1 1590w\" sizes=\"(max-width: 225px) 100vw, 225px\" data-recalc-dims=\"1\" \/><\/figure><\/div>\n\n\n\n<p><b>PhD en bible h\u00e9breu et s\u00e9mitique nord-ouest<\/b><br>Universit\u00e9 de Toronto, 2019<\/p>\n\n\n\n<p><b>MA en \u00e9tudes th\u00e9ologiques<\/b><br>(double concentration)<br>Langues bibliques et ancien testament<br>Regent College, 2014<span style=\"font-size: 15px;\"> <\/span><\/p>\n\n\n\n<p><b>BSc en ing\u00e9nierie physique<\/b><br>Universit\u00e9 de l&rsquo;Alberta, 2009<\/p>\n\n\n\n<hr class=\"wp-block-separator\"\/>\n\n\n\n<h3 id=\"brief-bio\">Biographie br\u00e8ve<\/h3>\n\n\n\n<p>Mon nom est Jacques. J&rsquo;ai grandi sur une ferme dans le nord de l&rsquo;Alberta dans une communaut\u00e9 francophone. Gr\u00e2ce \u00e0 mes parents, je suis trilingue en anglais, fran\u00e7ais, et espagnole. Je suis mari\u00e9 avec ma femme Paige, et ensemble nous vivons \u00e0 Montr\u00e9al avec nos trois enfants.<\/p>\n\n\n\n<p>Depuis 2025, je suis missionnaire (consacr\u00e9 au Qu\u00e9bec) avec <em>Training Leaders International<\/em>. La plus grande partie de mon travail consiste d&rsquo;enseigner les langues bibliques et la th\u00e9ologie historique pour la Facult\u00e9 de Th\u00e9ologie \u00c9vang\u00e9lique. Je suis aussi un apprenti pastoral avec \u00c9glise 21.<\/p>\n\n\n\n<p>Sur le c\u00f4t\u00e9, je fais des exp\u00e9riences avec une petite initiative en \u00e9dition (en apprendre plus \u00e0 <a rel=\"noreferrer noopener\" href=\"https:\/\/boulet.pub\/fr\" data-type=\"URL\" data-id=\"https:\/\/boulet.pub\/fr\" target=\"_blank\">boulet.pub<\/a>).<\/p>\n\n\n\n<p>Merci de votre visite.<\/p>\n","protected":false},"excerpt":{"rendered":"<p>PhD en bible h\u00e9breu et s\u00e9mitique nord-ouestUniversit\u00e9 de Toronto, 2019 MA en \u00e9tudes th\u00e9ologiques(double concentration)Langues bibliques et ancien testamentRegent College, 2014 BSc en ing\u00e9nierie physiqueUniversit\u00e9 de l&rsquo;Alberta, 2009 Biographie br\u00e8ve Mon nom est Jacques. J&rsquo;ai grandi sur une ferme dans le nord de l&rsquo;Alberta dans une communaut\u00e9 francophone. Gr\u00e2ce \u00e0 mes parents, je suis trilingue en anglais, fran\u00e7ais, et espagnole. Je suis mari\u00e9 avec ma femme Paige, et ensemble nous vivons \u00e0 Montr\u00e9al avec nos trois enfants. Depuis 2025, je suis missionnaire (consacr\u00e9 au Qu\u00e9bec) avec Training Leaders International. La plus grande partie de mon travail consiste d&rsquo;enseigner les langues <a class=\"more-link\" href=\"https:\/\/jejboulet.xyz\/fr\/a-propos\/\">Continuer la lecture <span class=\"screen-reader-text\">  \u00c0 propos<\/span><span class=\"meta-nav\">&rarr;<\/span><\/a><\/p>\n","protected":false},"author":1,"featured_media":0,"parent":0,"menu_order":0,"comment_status":"closed","ping_status":"closed","template":"","meta":[],"jetpack_sharing_enabled":true,"jetpack-related-posts":[{"id":179,"url":"https:\/\/jejboulet.xyz\/fr\/contact\/","url_meta":{"origin":174,"position":0},"title":"Contact","date":"septembre 18, 2020","format":false,"excerpt":"Vous \u00eates bienvenues \u00e0 m'envoyer un message en remplissant le formulaire ci-dessous:","rel":"","context":"Article similaire","img":{"alt_text":"","src":"","width":0,"height":0},"classes":[]},{"id":14,"url":"https:\/\/jejboulet.xyz\/about\/","url_meta":{"origin":174,"position":1},"title":"About","date":"septembre 17, 2020","format":false,"excerpt":"PhD in Hebrew Bible and Northwest SemiticsUniversity of Toronto, 2019 MA in Theological Studies(double concentration)Biblical Languages and Old TestamentRegent College, 2014 BSc in Engineering PhysicsUniversity of Alberta, 2009 Brief Bio My name is Jacques. I grew up on a farm in northern Alberta in a francophone community. Thanks to my\u2026","rel":"","context":"Article similaire","img":{"alt_text":"","src":"https:\/\/i0.wp.com\/jejboulet.xyz\/wp-content\/uploads\/2025\/12\/Jacques-Portrait-square-Sept-2022-scaled.jpg?resize=350%2C200&ssl=1","width":350,"height":200},"classes":[]}],"_links":{"self":[{"href":"https:\/\/jejboulet.xyz\/fr\/wp-json\/wp\/v2\/pages\/174"}],"collection":[{"href":"https:\/\/jejboulet.xyz\/fr\/wp-json\/wp\/v2\/pages"}],"about":[{"href":"https:\/\/jejboulet.xyz\/fr\/wp-json\/wp\/v2\/types\/page"}],"author":[{"embeddable":true,"href":"https:\/\/jejboulet.xyz\/fr\/wp-json\/wp\/v2\/users\/1"}],"replies":[{"embeddable":true,"href":"https:\/\/jejboulet.xyz\/fr\/wp-json\/wp\/v2\/comments?post=174"}],"version-history":[{"count":22,"href":"https:\/\/jejboulet.xyz\/fr\/wp-json\/wp\/v2\/pages\/174\/revisions"}],"predecessor-version":[{"id":1115,"href":"https:\/\/jejboulet.xyz\/fr\/wp-json\/wp\/v2\/pages\/174\/revisions\/1115"}],"wp:attachment":[{"href":"https:\/\/jejboulet.xyz\/fr\/wp-json\/wp\/v2\/media?parent=174"}],"curies":[{"name":"wp","href":"https:\/\/api.w.org\/{rel}","templated":true}]}}