{"id":189,"date":"2020-09-17T14:45:18","date_gmt":"2020-09-17T18:45:18","guid":{"rendered":"http:\/\/jejboulet.xyz\/cv\/"},"modified":"2025-05-03T11:10:19","modified_gmt":"2025-05-03T15:10:19","slug":"cv","status":"publish","type":"page","link":"https:\/\/jejboulet.xyz\/fr\/cv\/","title":{"rendered":"CV"},"content":{"rendered":"<a href=\"https:\/\/jejboulet.xyz\/wp-content\/uploads\/2025\/05\/Boulet-CV-2025-May.pdf\" class=\"pdfemb-viewer\" style=\"\" data-width=\"max\" data-height=\"max\" data-toolbar=\"both\" data-toolbar-fixed=\"off\">Boulet-CV-2025-May<\/a>","protected":false},"excerpt":{"rendered":"","protected":false},"author":1,"featured_media":0,"parent":0,"menu_order":0,"comment_status":"closed","ping_status":"closed","template":"","meta":[],"jetpack_sharing_enabled":true,"jetpack-related-posts":[{"id":1100,"url":"https:\/\/jejboulet.xyz\/fr\/a-propos-2020\/","url_meta":{"origin":189,"position":0},"title":"\u00c0 propos (2020)","date":"d\u00e9cembre 29, 2025","format":false,"excerpt":"Biographie br\u00e8ve\u00c0 propos de ma mission\u00c0 propos de ce site PhD en bible h\u00e9breu et s\u00e9mitique nord-ouestUniversit\u00e9 de Toronto, 2019 MA en \u00e9tudes th\u00e9ologiques (double concentration)Langues bibliques et ancien testamentRegent College, 2014 BSc en ing\u00e9nierie physiqueUniversit\u00e9 de l'Alberta, 2009 Biographie br\u00e8ve Mon nom est Jacques. J'ai grandi sur une ferme\u2026","rel":"","context":"Article similaire","img":{"alt_text":"","src":"https:\/\/i0.wp.com\/jejboulet.xyz\/wp-content\/uploads\/2020\/09\/Jacques-Portrait-2-March-2020-scaled.jpg?resize=350%2C200&ssl=1","width":350,"height":200},"classes":[]}],"_links":{"self":[{"href":"https:\/\/jejboulet.xyz\/fr\/wp-json\/wp\/v2\/pages\/189"}],"collection":[{"href":"https:\/\/jejboulet.xyz\/fr\/wp-json\/wp\/v2\/pages"}],"about":[{"href":"https:\/\/jejboulet.xyz\/fr\/wp-json\/wp\/v2\/types\/page"}],"author":[{"embeddable":true,"href":"https:\/\/jejboulet.xyz\/fr\/wp-json\/wp\/v2\/users\/1"}],"replies":[{"embeddable":true,"href":"https:\/\/jejboulet.xyz\/fr\/wp-json\/wp\/v2\/comments?post=189"}],"version-history":[{"count":10,"href":"https:\/\/jejboulet.xyz\/fr\/wp-json\/wp\/v2\/pages\/189\/revisions"}],"predecessor-version":[{"id":1033,"href":"https:\/\/jejboulet.xyz\/fr\/wp-json\/wp\/v2\/pages\/189\/revisions\/1033"}],"wp:attachment":[{"href":"https:\/\/jejboulet.xyz\/fr\/wp-json\/wp\/v2\/media?parent=189"}],"curies":[{"name":"wp","href":"https:\/\/api.w.org\/{rel}","templated":true}]}}